{"id":10816,"date":"2023-12-14T11:15:22","date_gmt":"2023-12-14T10:15:22","guid":{"rendered":"https:\/\/inserty.com\/politica-de-cookies\/"},"modified":"2026-04-15T23:46:26","modified_gmt":"2026-04-15T22:46:26","slug":"politica-de-cookies","status":"publish","type":"page","link":"https:\/\/inserty.com\/ca\/politica-de-cookies\/","title":{"rendered":"Pol\u00edtica de cookies"},"content":{"rendered":"\t\t<div data-elementor-type=\"wp-page\" data-elementor-id=\"10816\" class=\"elementor elementor-10816 elementor-31\" data-elementor-post-type=\"page\">\n\t\t\t\t<div class=\"elementor-element elementor-element-068f893 e-flex e-con-boxed e-con e-parent\" data-id=\"068f893\" data-element_type=\"container\" data-e-type=\"container\">\n\t\t\t\t\t<div class=\"e-con-inner\">\n\t\t\t\t<div class=\"elementor-element elementor-element-c78ba5a elementor-widget elementor-widget-heading\" data-id=\"c78ba5a\" data-element_type=\"widget\" data-e-type=\"widget\" data-widget_type=\"heading.default\">\n\t\t\t\t<div class=\"elementor-widget-container\">\n\t\t\t\t\t<h1 class=\"elementor-heading-title elementor-size-default\">Pol\u00edtica de cookies<\/h1>\t\t\t\t<\/div>\n\t\t\t\t<\/div>\n\t\t\t\t<div class=\"elementor-element elementor-element-ef9e986 politica elementor-widget elementor-widget-text-editor\" data-id=\"ef9e986\" data-element_type=\"widget\" data-e-type=\"widget\" data-widget_type=\"text-editor.default\">\n\t\t\t\t<div class=\"elementor-widget-container\">\n\t\t\t\t\t\t\t\t\t<p data-path-to-node=\"0\">Aquesta pol\u00edtica de galetes t\u00e9 com a finalitat informar de manera clara i precisa sobre les galetes que s&#8217;utilitzen al nostre lloc web.<\/p><p data-path-to-node=\"3\">Utilitzem galetes pr\u00f2pies i de tercers per millorar els nostres serveis, personalitzar el nostre lloc web, facilitar la navegaci\u00f3 dels nostres usuaris, proporcionar-li una millor experi\u00e8ncia d&#8217;\u00fas, identificar problemes per millorar-lo, fer mesuraments i estad\u00edstiques d&#8217;\u00fas i mostrar-li publicitat relacionada amb les seves prefer\u00e8ncies mitjan\u00e7ant l&#8217;an\u00e0lisi de l&#8217;\u00fas del lloc web.<\/p><p data-path-to-node=\"4\">L&#8217;informem que podem utilitzar galetes al seu equip a condici\u00f3 que l&#8217;usuari hagi donat el seu consentiment, llevat dels sup\u00f2sits en els quals les galetes siguin necess\u00e0ries per a la navegaci\u00f3 pel nostre lloc web. En cas que presti el seu consentiment, podrem utilitzar galetes que ens permetran tenir m\u00e9s informaci\u00f3 sobre les seves prefer\u00e8ncies i personalitzar el nostre lloc web de conformitat amb els seus interessos individuals.<\/p><p data-path-to-node=\"5\">QU\u00c8 S\u00d3N LES GALETES?<\/p><p data-path-to-node=\"6\">Les galetes (cookies) i altres tecnologies similars, com ara els <i data-path-to-node=\"6\" data-index-in-node=\"65\">local shared objects<\/i>, <i data-path-to-node=\"6\" data-index-in-node=\"87\">flash cookies<\/i> o p\u00edxels, s\u00f3n eines emprades pels servidors web per emmagatzemar i recuperar informaci\u00f3 sobre els seus visitants, aix\u00ed com per oferir un funcionament correcte del lloc.<\/p><p data-path-to-node=\"7\">TIPUS DE GALETES<\/p><p data-path-to-node=\"8\"><b data-path-to-node=\"8\" data-index-in-node=\"0\">Tipus de galetes en funci\u00f3 de l&#8217;entitat que les gestioni:<\/b><\/p><ul data-path-to-node=\"9\"><li><p data-path-to-node=\"9,0,0\"><b data-path-to-node=\"9,0,0\" data-index-in-node=\"0\">Galetes pr\u00f2pies:<\/b> s\u00f3n aquelles que s&#8217;envien a l&#8217;equip terminal de l&#8217;usuari des d&#8217;un equip o domini gestionat pel titular de la p\u00e0gina web i des del qual es presta el servei sol\u00b7l<span class=\"citation-587 citation-end-587\">icitat per l&#8217;usuari.<\/span><\/p><p class=\"source-inline-chip-container ng-star-inserted\">\u00a0<\/p><\/li><li><p data-path-to-node=\"9,1,0\"><b data-path-to-node=\"9,1,0\" data-index-in-node=\"0\"><span class=\"citation-586\">Galetes de tercers:<\/span><\/b><span class=\"citation-586 citation-end-586\"> s\u00f3n aquelles que s&#8217;envien a l&#8217;equip terminal de l&#8217;usuari des d&#8217;un equip o domini que no \u00e9s gestionat pel titular de la p\u00e0gina web des de la qual es presta el servei sol\u00b7li<\/span>citat, sin\u00f3 per una altra entitat que tracta les dades obtingudes a trav\u00e9s de les galetes. Aix\u00ed mateix, en el cas que les galetes sigu<span class=\"citation-585 citation-end-585\">in instal\u00b7lades des d&#8217;un equip o domini gestionat pel propi titular del lloc web per\u00f2 la informaci\u00f3 que es reculli mitjan\u00e7ant aquestes sigui gestionada per un tercer, tamb\u00e9 seran considerades com a gal<\/span>etes de tercers.<\/p><p class=\"source-inline-chip-container ng-star-inserted\">\u00a0<\/p><\/li><\/ul><p data-path-to-node=\"10\"><b data-path-to-node=\"10\" data-index-in-node=\"0\">Tipus de galetes segons la finalitat:<\/b><\/p><ul data-path-to-node=\"11\"><li><p data-path-to-node=\"11,0,0\"><b data-path-to-node=\"11,0,0\" data-index-in-node=\"0\">Galetes t\u00e8cniques:<\/b> s\u00f3n aquelles que permeten a l&#8217;usuari la navegaci\u00f3 a trav\u00e9s d&#8217;una p\u00e0gina web, p<span class=\"citation-584 citation-end-584\">lataforma o aplicaci\u00f3 i la utilitzaci\u00f3 de les diferents opcions o serveis que hi hagi, incloent-hi aquelles que l&#8217;editor utilitza per permetre la gesti\u00f3 i operativa de la p\u00e0gina web i habilitar les seves f<\/span>uncions i serveis (com ara controlar el tr\u00e0nsit, identificar la sessi\u00f3, accedir a parts d&#8217;acc\u00e9s restringit, gestionar el pagament, controlar el frau, realitzar la inscripci\u00f3 a un esdeveniment, comptar visites per a la facturaci\u00f3 de llic\u00e8ncies de programari, utilitzar elements de seguretat, emmagatzemar continguts per a la difusi\u00f3 de v\u00eddeos o compartir continguts a trav\u00e9s de xarxes socials). Tamb\u00e9 pertanyen a aquesta categoria aquelles galetes que permeten la gesti\u00f3 efica\u00e7 dels espais publicitaris com un element m\u00e9s de disseny o &#8220;maquetaci\u00f3&#8221; del servei, basant-se en criteris com el contingut editat, sense recopilar informaci\u00f3 dels usuaris amb finalitats diferents.<\/p><p class=\"source-inline-chip-container ng-star-inserted\">\u00a0<\/p><\/li><li><p data-path-to-node=\"11,1,0\"><b data-path-to-node=\"11,1,0\" data-index-in-node=\"0\">Galetes de prefer\u00e8ncies o personalitzaci\u00f3:<\/b> permeten recordar informaci\u00f3 perqu\u00e8 l&#8217;usuari accedeixi al servei amb determinades caracter\u00edstiques que poden diferenciar la seva experi\u00e8ncia de la d&#8217;altres usuaris, com ara l&#8217;idioma, el nombre de resultats a mostrar en una cerca o l&#8217;aspecte del servei en funci\u00f3 del navegador o la regi\u00f3 des de la qual accedeix.<\/p><\/li><li><p data-path-to-node=\"11,2,0\"><b data-path-to-node=\"11,2,0\" data-index-in-node=\"0\">Galetes d&#8217;an\u00e0lisi o mesurament:<\/b> permeten al responsable el seguiment i l&#8217;an\u00e0lisi del comportament dels usuaris dels llocs web als quals estan vinculades, inclosa la quantificaci\u00f3 dels impactes dels anuncis. S&#8217;utilitzen per introduir millores en funci\u00f3 de l&#8217;an\u00e0lisi de les dades d&#8217;\u00fas.<\/p><\/li><li><p data-path-to-node=\"11,3,0\"><b data-path-to-node=\"11,3,0\" data-index-in-node=\"0\">Galetes de publicitat comportamental:<\/b> permeten la gesti\u00f3 dels espais publicitaris de la p\u00e0gina web de la manera m\u00e9s efica\u00e7 possible. Aquestes galetes emmagatzemen informaci\u00f3 del comportament dels usuaris obtinguda a trav\u00e9s de l&#8217;observaci\u00f3 continuada dels seus h\u00e0bits de navegaci\u00f3, cosa que permet desenvolupar un perfil espec\u00edfic per mostrar publicitat en funci\u00f3 d&#8217;aquest.<\/p><\/li><li><p data-path-to-node=\"11,4,0\"><b data-path-to-node=\"11,4,0\" data-index-in-node=\"0\">Galetes de geolocalitzaci\u00f3:<\/b> s&#8217;utilitzen per saber en quin lloc es troba un usuari quan sol\u00b7licita un servei. Aquesta galeta \u00e9s an\u00f2nima i s&#8217;usa, per exemple, per oferir-li la informaci\u00f3 adequada depenent del pa\u00eds on es trobi.<\/p><\/li><\/ul><p data-path-to-node=\"12\"><b data-path-to-node=\"12\" data-index-in-node=\"0\">Tipus de galetes segons el termini de temps que romanen activades:<\/b><\/p><ul data-path-to-node=\"13\"><li><p data-path-to-node=\"13,0,0\"><b data-path-to-node=\"13,0,0\" data-index-in-node=\"0\">Galetes de sessi\u00f3:<\/b> dissenyades per recollir i emmagatzemar dades mentre l&#8217;usuari accedeix a una p\u00e0gina web. S&#8217;acostumen a emprar per a informaci\u00f3 que nom\u00e9s interessa conservar per a la prestaci\u00f3 del servei sol\u00b7licitat en una sola ocasi\u00f3 i desapareixen en acabar la sessi\u00f3.<\/p><\/li><li><p data-path-to-node=\"13,1,0\"><b data-path-to-node=\"13,1,0\" data-index-in-node=\"0\">Galetes persistents:<\/b> les dades segueixen emmagatzemades al terminal i s&#8217;hi pot accedir durant un per\u00edode definit pel responsable de la galeta, que pot anar d&#8217;uns minuts a diversos anys.<\/p><\/li><\/ul><p data-path-to-node=\"14\">COM ES DESHABILITEN LES GALETES EN ELS NAVEGADORS?<\/p><p data-path-to-node=\"15\">L&#8217;usuari pot, en qualsevol moment, permetre, bloqueja<span class=\"citation-583 citation-end-583\">r o eliminar les galetes instal\u00b7lades al seu equip mitjan\u00e7ant la modificaci\u00f3 dels par\u00e0metres de configuraci\u00f3 del navegador instal\u00b7lat al seu ordinador:<\/span><\/p><p class=\"source-inline-chip-container ng-star-inserted\">\u00a0<\/p><ul data-path-to-node=\"16\"><li><p data-path-to-node=\"16,0,0\"><b data-path-to-node=\"16,0,0\" data-index-in-node=\"0\"><span class=\"citation-582\">Chrome:<\/span><\/b><span class=\"citation-582 citation-end-582\"> Configuraci\u00f3 -&gt; Mostra opcions avan\u00e7ades<\/span> -&gt; Privadesa -&gt; Configuraci\u00f3 del con<span class=\"citation-581 citation-end-581\">tingut. Per a m\u00e9s informaci\u00f3, podeu consultar el suport de Google o l&#8217;Ajuda del navegador.<\/span><\/p><p class=\"source-inline-chip-container ng-star-inserted\">\u00a0<\/p><\/li><li><p data-path-to-node=\"16,1,0\"><b data-path-to-node=\"16,1,0\" data-index-in-node=\"0\"><span class=\"citation-580\">Edge:<\/span><\/b><span class=\"citation-580 citation-end-580\"> Eines -&gt; Opcions d&#8217;Internet -&gt; Privadesa -&gt; Configuraci\u00f3. Per a m\u00e9s informaci\u00f3, podeu consultar el suport de Microsoft o l&#8217;Ajuda del navegador.<\/span><\/p><p class=\"source-inline-chip-container ng-star-inserted\">\u00a0<\/p><\/li><li><p data-path-to-node=\"16,2,0\"><b data-path-to-node=\"16,2,0\" data-index-in-node=\"0\">Firefox:<\/b> Eines -&gt; Opcions -&gt; Privadesa -&gt; Historial -&gt; Configuraci\u00f3 personalitz<span class=\"citation-578 citation-579 citation-end-579\">ada. Per a m\u00e9s informaci\u00f3, podeu consultar el suport de Mozilla o l&#8217;Ajuda del navegador.<\/span><\/p><p class=\"source-inline-chip-container ng-star-inserted\">\u00a0<\/p><\/li><li><p data-path-to-node=\"16,3,0\"><b data-path-to-node=\"16,3,0\" data-index-in-node=\"0\"><span class=\"citation-576 citation-577\">Safari:<\/span><\/b><span class=\"citation-576 citation-577 citation-end-577\"> Prefer\u00e8ncies -&gt; Seguretat. Per a m\u00e9s informaci\u00f3, podeu consultar el suport d&#8217;Apple o l&#8217;Ajuda del navegador.<\/span><\/p><p class=\"source-inline-chip-container ng-star-inserted\">\u00a0<\/p><\/li><\/ul><p data-path-to-node=\"17\"><span class=\"citation-574 citation-575 citation-end-575\">La desactivaci\u00f3 de les galetes no impedeix la navegaci\u00f3 pel lloc web, encara que l&#8217;\u00fas d&#8217;alguns dels seus serveis<\/span><span class=\"citation-574\"> podr\u00e0 se<\/span><span class=\"citation-573 citation-574 citation-end-574\">r limitat i, per tant, la seva experi\u00e8ncia de n<\/span><span class=\"citation-573 citation-end-573\">avegaci\u00f3 podr\u00e0 ser menys satisfact\u00f2ria.<\/span><\/p><p class=\"source-inline-chip-container ng-star-inserted\">\u00a0<\/p><p data-path-to-node=\"18\"><span class=\"citation-572 citation-end-572\">RETIRAR EL CONSENTIMENT<\/span><\/p><p class=\"source-inline-chip-container ng-star-inserted\">\u00a0<\/p><p data-path-to-node=\"19\"><span class=\"citation-571\">L&#8217;usuari podr\u00e0 retirar en qualsevol moment el seu consentiment relacionat am<\/span><span class=\"citation-569 citation-570 citation-571 citation-end-571\">b la Pol\u00edtica de Galetes, i podr\u00e0 eliminar <\/span><span class=\"citation-569 citation-570 citation-end-570\">les galetes emmagatzemades al seu equip a trav\u00e9s dels ajustos i configuracions del seu navegador d&#8217;Internet indicats anteriorment, aix\u00ed com accedint al nostr<\/span><span class=\"citation-569 citation-end-569\">e panell de configuraci\u00f3: [ENLLA\u00c7 PANELL CO<\/span>NFIGURACI\u00d3].<\/p><p class=\"source-inline-chip-container ng-star-inserted\">\u00a0<\/p><p data-path-to-node=\"20\">La present Pol\u00edtica de Galetes es podr\u00e0 modificar quan aix\u00ed ho exigeixi la legislaci\u00f3 vigent en cada moment o quan hi hagi alguna variaci\u00f3 en el tipus de galetes utilitzades en el lloc web. Per aix\u00f2, li recomanem revisar aquesta pol\u00edtica cada vegada que accedeixi al nostre lloc web amb l&#8217;objectiu d&#8217;estar adequadament informat sobre com i per a qu\u00e8 usem les galetes.<\/p>\t\t\t\t\t\t\t\t<\/div>\n\t\t\t\t<\/div>\n\t\t\t\t\t<\/div>\n\t\t\t\t<\/div>\n\t\t\t\t<\/div>\n\t\t","protected":false},"excerpt":{"rendered":"<p>Aquesta pol\u00edtica de galetes t\u00e9 com a finalitat informar de manera clara i precisa sobre les galetes que s&#8217;utilitzen al nostre lloc web. Utilitzem galetes pr\u00f2pies i de tercers per millorar els nostres serveis, personalitzar el nostre lloc web, facilitar la navegaci\u00f3 dels nostres usuaris, proporcionar-li una millor experi\u00e8ncia d&#8217;\u00fas, identificar problemes per millorar-lo, fer [&hellip;]<\/p>\n","protected":false},"author":1,"featured_media":0,"parent":0,"menu_order":0,"comment_status":"closed","ping_status":"closed","template":"elementor_header_footer","meta":{"footnotes":""},"class_list":["post-10816","page","type-page","status-publish","hentry"],"yoast_head":"<!-- This site is optimized with the Yoast SEO plugin v27.5 - https:\/\/yoast.com\/product\/yoast-seo-wordpress\/ -->\n<title>Pol\u00edtica de cookies - Inserty<\/title>\n<meta name=\"robots\" content=\"index, follow, max-snippet:-1, max-image-preview:large, max-video-preview:-1\" \/>\n<link rel=\"canonical\" href=\"https:\/\/inserty.com\/ca\/politica-de-cookies\/\" \/>\n<meta property=\"og:locale\" content=\"ca_ES\" \/>\n<meta property=\"og:type\" content=\"article\" \/>\n<meta property=\"og:title\" content=\"Pol\u00edtica de cookies - Inserty\" \/>\n<meta property=\"og:description\" content=\"Aquesta pol\u00edtica de galetes t\u00e9 com a finalitat informar de manera clara i precisa sobre les galetes que s&#8217;utilitzen al nostre lloc web. Utilitzem galetes pr\u00f2pies i de tercers per millorar els nostres serveis, personalitzar el nostre lloc web, facilitar la navegaci\u00f3 dels nostres usuaris, proporcionar-li una millor experi\u00e8ncia d&#8217;\u00fas, identificar problemes per millorar-lo, fer [&hellip;]\" \/>\n<meta property=\"og:url\" content=\"https:\/\/inserty.com\/ca\/politica-de-cookies\/\" \/>\n<meta property=\"og:site_name\" content=\"Inserty\" \/>\n<meta property=\"article:modified_time\" content=\"2026-04-15T22:46:26+00:00\" \/>\n<meta name=\"twitter:card\" content=\"summary_large_image\" \/>\n<meta name=\"twitter:label1\" content=\"Temps estimat de lectura\" \/>\n\t<meta name=\"twitter:data1\" content=\"6 minuts\" \/>\n<script type=\"application\/ld+json\" class=\"yoast-schema-graph\">{\"@context\":\"https:\\\/\\\/schema.org\",\"@graph\":[{\"@type\":\"WebPage\",\"@id\":\"https:\\\/\\\/inserty.com\\\/ca\\\/politica-de-cookies\\\/\",\"url\":\"https:\\\/\\\/inserty.com\\\/ca\\\/politica-de-cookies\\\/\",\"name\":\"Pol\u00edtica de cookies - Inserty\",\"isPartOf\":{\"@id\":\"https:\\\/\\\/inserty.com\\\/#website\"},\"datePublished\":\"2023-12-14T10:15:22+00:00\",\"dateModified\":\"2026-04-15T22:46:26+00:00\",\"breadcrumb\":{\"@id\":\"https:\\\/\\\/inserty.com\\\/ca\\\/politica-de-cookies\\\/#breadcrumb\"},\"inLanguage\":\"ca\",\"potentialAction\":[{\"@type\":\"ReadAction\",\"target\":[\"https:\\\/\\\/inserty.com\\\/ca\\\/politica-de-cookies\\\/\"]}]},{\"@type\":\"BreadcrumbList\",\"@id\":\"https:\\\/\\\/inserty.com\\\/ca\\\/politica-de-cookies\\\/#breadcrumb\",\"itemListElement\":[{\"@type\":\"ListItem\",\"position\":1,\"name\":\"Portada\",\"item\":\"https:\\\/\\\/inserty.com\\\/ca\\\/\"},{\"@type\":\"ListItem\",\"position\":2,\"name\":\"Pol\u00edtica de cookies\"}]},{\"@type\":\"WebSite\",\"@id\":\"https:\\\/\\\/inserty.com\\\/#website\",\"url\":\"https:\\\/\\\/inserty.com\\\/\",\"name\":\"Inserty\",\"description\":\"\",\"publisher\":{\"@id\":\"https:\\\/\\\/inserty.com\\\/#organization\"},\"potentialAction\":[{\"@type\":\"SearchAction\",\"target\":{\"@type\":\"EntryPoint\",\"urlTemplate\":\"https:\\\/\\\/inserty.com\\\/?s={search_term_string}\"},\"query-input\":{\"@type\":\"PropertyValueSpecification\",\"valueRequired\":true,\"valueName\":\"search_term_string\"}}],\"inLanguage\":\"ca\"},{\"@type\":\"Organization\",\"@id\":\"https:\\\/\\\/inserty.com\\\/#organization\",\"name\":\"Inserty\",\"url\":\"https:\\\/\\\/inserty.com\\\/\",\"logo\":{\"@type\":\"ImageObject\",\"inLanguage\":\"ca\",\"@id\":\"https:\\\/\\\/inserty.com\\\/#\\\/schema\\\/logo\\\/image\\\/\",\"url\":\"https:\\\/\\\/inserty.com\\\/wp-content\\\/uploads\\\/2023\\\/12\\\/dbb395e042349065a7ee595fa4332c0ef839dd08.png\",\"contentUrl\":\"https:\\\/\\\/inserty.com\\\/wp-content\\\/uploads\\\/2023\\\/12\\\/dbb395e042349065a7ee595fa4332c0ef839dd08.png\",\"width\":2048,\"height\":621,\"caption\":\"Inserty\"},\"image\":{\"@id\":\"https:\\\/\\\/inserty.com\\\/#\\\/schema\\\/logo\\\/image\\\/\"}}]}<\/script>\n<!-- \/ Yoast SEO plugin. -->","yoast_head_json":{"title":"Pol\u00edtica de cookies - Inserty","robots":{"index":"index","follow":"follow","max-snippet":"max-snippet:-1","max-image-preview":"max-image-preview:large","max-video-preview":"max-video-preview:-1"},"canonical":"https:\/\/inserty.com\/ca\/politica-de-cookies\/","og_locale":"ca_ES","og_type":"article","og_title":"Pol\u00edtica de cookies - Inserty","og_description":"Aquesta pol\u00edtica de galetes t\u00e9 com a finalitat informar de manera clara i precisa sobre les galetes que s&#8217;utilitzen al nostre lloc web. Utilitzem galetes pr\u00f2pies i de tercers per millorar els nostres serveis, personalitzar el nostre lloc web, facilitar la navegaci\u00f3 dels nostres usuaris, proporcionar-li una millor experi\u00e8ncia d&#8217;\u00fas, identificar problemes per millorar-lo, fer [&hellip;]","og_url":"https:\/\/inserty.com\/ca\/politica-de-cookies\/","og_site_name":"Inserty","article_modified_time":"2026-04-15T22:46:26+00:00","twitter_card":"summary_large_image","twitter_misc":{"Temps estimat de lectura":"6 minuts"},"schema":{"@context":"https:\/\/schema.org","@graph":[{"@type":"WebPage","@id":"https:\/\/inserty.com\/ca\/politica-de-cookies\/","url":"https:\/\/inserty.com\/ca\/politica-de-cookies\/","name":"Pol\u00edtica de cookies - Inserty","isPartOf":{"@id":"https:\/\/inserty.com\/#website"},"datePublished":"2023-12-14T10:15:22+00:00","dateModified":"2026-04-15T22:46:26+00:00","breadcrumb":{"@id":"https:\/\/inserty.com\/ca\/politica-de-cookies\/#breadcrumb"},"inLanguage":"ca","potentialAction":[{"@type":"ReadAction","target":["https:\/\/inserty.com\/ca\/politica-de-cookies\/"]}]},{"@type":"BreadcrumbList","@id":"https:\/\/inserty.com\/ca\/politica-de-cookies\/#breadcrumb","itemListElement":[{"@type":"ListItem","position":1,"name":"Portada","item":"https:\/\/inserty.com\/ca\/"},{"@type":"ListItem","position":2,"name":"Pol\u00edtica de cookies"}]},{"@type":"WebSite","@id":"https:\/\/inserty.com\/#website","url":"https:\/\/inserty.com\/","name":"Inserty","description":"","publisher":{"@id":"https:\/\/inserty.com\/#organization"},"potentialAction":[{"@type":"SearchAction","target":{"@type":"EntryPoint","urlTemplate":"https:\/\/inserty.com\/?s={search_term_string}"},"query-input":{"@type":"PropertyValueSpecification","valueRequired":true,"valueName":"search_term_string"}}],"inLanguage":"ca"},{"@type":"Organization","@id":"https:\/\/inserty.com\/#organization","name":"Inserty","url":"https:\/\/inserty.com\/","logo":{"@type":"ImageObject","inLanguage":"ca","@id":"https:\/\/inserty.com\/#\/schema\/logo\/image\/","url":"https:\/\/inserty.com\/wp-content\/uploads\/2023\/12\/dbb395e042349065a7ee595fa4332c0ef839dd08.png","contentUrl":"https:\/\/inserty.com\/wp-content\/uploads\/2023\/12\/dbb395e042349065a7ee595fa4332c0ef839dd08.png","width":2048,"height":621,"caption":"Inserty"},"image":{"@id":"https:\/\/inserty.com\/#\/schema\/logo\/image\/"}}]}},"_links":{"self":[{"href":"https:\/\/inserty.com\/ca\/wp-json\/wp\/v2\/pages\/10816","targetHints":{"allow":["GET"]}}],"collection":[{"href":"https:\/\/inserty.com\/ca\/wp-json\/wp\/v2\/pages"}],"about":[{"href":"https:\/\/inserty.com\/ca\/wp-json\/wp\/v2\/types\/page"}],"author":[{"embeddable":true,"href":"https:\/\/inserty.com\/ca\/wp-json\/wp\/v2\/users\/1"}],"replies":[{"embeddable":true,"href":"https:\/\/inserty.com\/ca\/wp-json\/wp\/v2\/comments?post=10816"}],"version-history":[{"count":3,"href":"https:\/\/inserty.com\/ca\/wp-json\/wp\/v2\/pages\/10816\/revisions"}],"predecessor-version":[{"id":10967,"href":"https:\/\/inserty.com\/ca\/wp-json\/wp\/v2\/pages\/10816\/revisions\/10967"}],"wp:attachment":[{"href":"https:\/\/inserty.com\/ca\/wp-json\/wp\/v2\/media?parent=10816"}],"curies":[{"name":"wp","href":"https:\/\/api.w.org\/{rel}","templated":true}]}}